{"id":54,"date":"2020-03-26T10:32:22","date_gmt":"2020-03-26T09:32:22","guid":{"rendered":"http:\/\/annerozennpichoncuiec-psycholoque.fr\/?page_id=54"},"modified":"2024-08-22T16:19:13","modified_gmt":"2024-08-22T14:19:13","slug":"psychologue-brest-2","status":"publish","type":"page","link":"https:\/\/annerozennpichoncuiec-psychologue.fr\/index.php\/psychologue-brest-2\/","title":{"rendered":"Qui suis-je?"},"content":{"rendered":"\n<h4 class=\"wp-block-heading has-large-font-size\"><\/h4>\n\n\n\n<p class=\"has-medium-font-size\" style=\"line-height:1.3;text-transform:none\">Dipl\u00f4m\u00e9e d\u2019un DESS de psychologie de l\u2019universit\u00e9 Catholique de l\u2019Ouest en 1993, Psychologue&nbsp; psychoth\u00e9rapeute, j\u2019accompagne les enfants, les adolescents et les adultes au Relecq Kerhuon.&nbsp; Form\u00e9e \u00e0 la Th\u00e9rapie du lien et des mondes Relationnels, je ne cesse de me former, afin d\u2019\u00eatre au plus pr\u00e8s des besoins de mes patients.<\/p>\n\n\n\n<p class=\"has-medium-font-size\" style=\"line-height:1.3;text-transform:none\"><\/p>\n\n\n\n<p class=\"has-medium-font-size\" style=\"line-height:1.3;text-transform:none\">Tr\u00e8s attach\u00e9e \u00e0 la notion d\u2019alliance th\u00e9rapeutique qui nourrit le lien th\u00e9rapeute \/patient, c\u2019est dans ce cadre, qui se veut s\u00e9curisant, que je m\u2019engage dans un travail o\u00f9 le th\u00e9rapeute devient l\u2019outil de la construction du lien relationnel.<\/p>\n\n\n\n<p class=\"has-medium-font-size\" style=\"line-height:1.3;text-transform:none\">Parall\u00e8lement \u00e0 la psychoth\u00e9rapie, je propose l\u2019\u00e9valuation intellectuelle aupr\u00e8s d\u2019enfants et adolescents \u00e0 partir de 6 ans, ainsi qu\u2019aupr\u00e8s d\u2019adultes via les \u00e9chelles d\u2019\u00e9valuation intellectuelle WISC V et WAIS IV.<\/p>\n","protected":false},"excerpt":{"rendered":"<p>Dipl\u00f4m\u00e9e d\u2019un DESS de psychologie de l\u2019universit\u00e9 Catholique de l\u2019Ouest en 1993, Psychologue&nbsp; psychoth\u00e9rapeute, j\u2019accompagne les enfants, les adolescents et les adultes au Relecq Kerhuon.&nbsp; Form\u00e9e \u00e0 la Th\u00e9rapie du lien et des mondes Relationnels, je ne cesse de me former, afin d\u2019\u00eatre au plus pr\u00e8s des besoins de mes patients. Tr\u00e8s attach\u00e9e \u00e0 la [&hellip;]<\/p>\n","protected":false},"author":1,"featured_media":159,"parent":0,"menu_order":0,"comment_status":"closed","ping_status":"closed","template":"","meta":{"footnotes":""},"class_list":["post-54","page","type-page","status-publish","has-post-thumbnail","hentry"],"yoast_head":"<!-- This site is optimized with the Yoast SEO plugin v27.4 - https:\/\/yoast.com\/product\/yoast-seo-wordpress\/ -->\n<title>Psychologue Brest - Anne-Rozenn PICHON-CUIEC<\/title>\n<meta name=\"description\" content=\"Psychologue Brest - le relecq Kerhuon - enfant - adulte - adolescent - HPI - wisc - wais - test - pr\u00e9cocit\u00e9- \u00e9valuation - TLMR - Hypnose\" \/>\n<meta name=\"robots\" content=\"index, follow, max-snippet:-1, max-image-preview:large, max-video-preview:-1\" \/>\n<link rel=\"canonical\" href=\"https:\/\/annerozennpichoncuiec-psychologue.fr\/index.php\/psychologue-brest-2\/\" \/>\n<meta property=\"og:locale\" content=\"fr_FR\" \/>\n<meta property=\"og:type\" content=\"article\" \/>\n<meta property=\"og:title\" content=\"Psychologue Brest - Anne-Rozenn PICHON-CUIEC\" \/>\n<meta property=\"og:description\" content=\"Psychologue Brest - le relecq Kerhuon - enfant - adulte - adolescent - HPI - wisc - wais - test - pr\u00e9cocit\u00e9- \u00e9valuation - TLMR - Hypnose\" \/>\n<meta property=\"og:url\" content=\"https:\/\/annerozennpichoncuiec-psychologue.fr\/index.php\/psychologue-brest-2\/\" \/>\n<meta property=\"og:site_name\" content=\"Anne-Rozenn PICHON-CUIEC\" \/>\n<meta property=\"article:modified_time\" content=\"2024-08-22T14:19:13+00:00\" \/>\n<meta property=\"og:image\" content=\"https:\/\/annerozennpichoncuiec-psychologue.fr\/wp-content\/uploads\/2024\/08\/IMG-20230802-WA0005.jpg\" \/>\n\t<meta property=\"og:image:width\" content=\"1293\" \/>\n\t<meta property=\"og:image:height\" content=\"2014\" \/>\n\t<meta property=\"og:image:type\" content=\"image\/jpeg\" \/>\n<meta name=\"twitter:card\" content=\"summary_large_image\" \/>\n<meta name=\"twitter:label1\" content=\"Dur\u00e9e de lecture estim\u00e9e\" \/>\n\t<meta name=\"twitter:data1\" content=\"1 minute\" \/>\n<script type=\"application\/ld+json\" class=\"yoast-schema-graph\">{\"@context\":\"https:\\\/\\\/schema.org\",\"@graph\":[{\"@type\":\"WebPage\",\"@id\":\"https:\\\/\\\/annerozennpichoncuiec-psychologue.fr\\\/index.php\\\/psychologue-brest-2\\\/\",\"url\":\"https:\\\/\\\/annerozennpichoncuiec-psychologue.fr\\\/index.php\\\/psychologue-brest-2\\\/\",\"name\":\"Psychologue Brest - Anne-Rozenn PICHON-CUIEC\",\"isPartOf\":{\"@id\":\"https:\\\/\\\/annerozennpichoncuiec-psychologue.fr\\\/#website\"},\"primaryImageOfPage\":{\"@id\":\"https:\\\/\\\/annerozennpichoncuiec-psychologue.fr\\\/index.php\\\/psychologue-brest-2\\\/#primaryimage\"},\"image\":{\"@id\":\"https:\\\/\\\/annerozennpichoncuiec-psychologue.fr\\\/index.php\\\/psychologue-brest-2\\\/#primaryimage\"},\"thumbnailUrl\":\"https:\\\/\\\/annerozennpichoncuiec-psychologue.fr\\\/wp-content\\\/uploads\\\/2024\\\/08\\\/IMG-20230802-WA0005.jpg\",\"datePublished\":\"2020-03-26T09:32:22+00:00\",\"dateModified\":\"2024-08-22T14:19:13+00:00\",\"description\":\"Psychologue Brest - le relecq Kerhuon - enfant - adulte - adolescent - HPI - wisc - wais - test - pr\u00e9cocit\u00e9- \u00e9valuation - TLMR - Hypnose\",\"breadcrumb\":{\"@id\":\"https:\\\/\\\/annerozennpichoncuiec-psychologue.fr\\\/index.php\\\/psychologue-brest-2\\\/#breadcrumb\"},\"inLanguage\":\"fr-FR\",\"potentialAction\":[{\"@type\":\"ReadAction\",\"target\":[\"https:\\\/\\\/annerozennpichoncuiec-psychologue.fr\\\/index.php\\\/psychologue-brest-2\\\/\"]}]},{\"@type\":\"ImageObject\",\"inLanguage\":\"fr-FR\",\"@id\":\"https:\\\/\\\/annerozennpichoncuiec-psychologue.fr\\\/index.php\\\/psychologue-brest-2\\\/#primaryimage\",\"url\":\"https:\\\/\\\/annerozennpichoncuiec-psychologue.fr\\\/wp-content\\\/uploads\\\/2024\\\/08\\\/IMG-20230802-WA0005.jpg\",\"contentUrl\":\"https:\\\/\\\/annerozennpichoncuiec-psychologue.fr\\\/wp-content\\\/uploads\\\/2024\\\/08\\\/IMG-20230802-WA0005.jpg\",\"width\":1293,\"height\":2014},{\"@type\":\"BreadcrumbList\",\"@id\":\"https:\\\/\\\/annerozennpichoncuiec-psychologue.fr\\\/index.php\\\/psychologue-brest-2\\\/#breadcrumb\",\"itemListElement\":[{\"@type\":\"ListItem\",\"position\":1,\"name\":\"Accueil\",\"item\":\"https:\\\/\\\/annerozennpichoncuiec-psychologue.fr\\\/\"},{\"@type\":\"ListItem\",\"position\":2,\"name\":\"Qui suis-je?\"}]},{\"@type\":\"WebSite\",\"@id\":\"https:\\\/\\\/annerozennpichoncuiec-psychologue.fr\\\/#website\",\"url\":\"https:\\\/\\\/annerozennpichoncuiec-psychologue.fr\\\/\",\"name\":\"Anne-Rozenn PICHON-CUIEC\",\"description\":\"Psychologue BREST - LE RELECQ KERHUON\",\"publisher\":{\"@id\":\"https:\\\/\\\/annerozennpichoncuiec-psychologue.fr\\\/#\\\/schema\\\/person\\\/5c16e7084f927a2830e3bf369dfc7181\"},\"potentialAction\":[{\"@type\":\"SearchAction\",\"target\":{\"@type\":\"EntryPoint\",\"urlTemplate\":\"https:\\\/\\\/annerozennpichoncuiec-psychologue.fr\\\/?s={search_term_string}\"},\"query-input\":{\"@type\":\"PropertyValueSpecification\",\"valueRequired\":true,\"valueName\":\"search_term_string\"}}],\"inLanguage\":\"fr-FR\"},{\"@type\":[\"Person\",\"Organization\"],\"@id\":\"https:\\\/\\\/annerozennpichoncuiec-psychologue.fr\\\/#\\\/schema\\\/person\\\/5c16e7084f927a2830e3bf369dfc7181\",\"name\":\"Anne-Rozenn Pichon-Cuiec\",\"image\":{\"@type\":\"ImageObject\",\"inLanguage\":\"fr-FR\",\"@id\":\"https:\\\/\\\/annerozennpichoncuiec-psychologue.fr\\\/wp-content\\\/uploads\\\/2024\\\/08\\\/LOGO.png\",\"url\":\"https:\\\/\\\/annerozennpichoncuiec-psychologue.fr\\\/wp-content\\\/uploads\\\/2024\\\/08\\\/LOGO.png\",\"contentUrl\":\"https:\\\/\\\/annerozennpichoncuiec-psychologue.fr\\\/wp-content\\\/uploads\\\/2024\\\/08\\\/LOGO.png\",\"width\":214,\"height\":277,\"caption\":\"Anne-Rozenn Pichon-Cuiec\"},\"logo\":{\"@id\":\"https:\\\/\\\/annerozennpichoncuiec-psychologue.fr\\\/wp-content\\\/uploads\\\/2024\\\/08\\\/LOGO.png\"}}]}<\/script>\n<!-- \/ Yoast SEO plugin. -->","yoast_head_json":{"title":"Psychologue Brest - Anne-Rozenn PICHON-CUIEC","description":"Psychologue Brest - le relecq Kerhuon - enfant - adulte - adolescent - HPI - wisc - wais - test - pr\u00e9cocit\u00e9- \u00e9valuation - TLMR - Hypnose","robots":{"index":"index","follow":"follow","max-snippet":"max-snippet:-1","max-image-preview":"max-image-preview:large","max-video-preview":"max-video-preview:-1"},"canonical":"https:\/\/annerozennpichoncuiec-psychologue.fr\/index.php\/psychologue-brest-2\/","og_locale":"fr_FR","og_type":"article","og_title":"Psychologue Brest - Anne-Rozenn PICHON-CUIEC","og_description":"Psychologue Brest - le relecq Kerhuon - enfant - adulte - adolescent - HPI - wisc - wais - test - pr\u00e9cocit\u00e9- \u00e9valuation - TLMR - Hypnose","og_url":"https:\/\/annerozennpichoncuiec-psychologue.fr\/index.php\/psychologue-brest-2\/","og_site_name":"Anne-Rozenn PICHON-CUIEC","article_modified_time":"2024-08-22T14:19:13+00:00","og_image":[{"width":1293,"height":2014,"url":"https:\/\/annerozennpichoncuiec-psychologue.fr\/wp-content\/uploads\/2024\/08\/IMG-20230802-WA0005.jpg","type":"image\/jpeg"}],"twitter_card":"summary_large_image","twitter_misc":{"Dur\u00e9e de lecture estim\u00e9e":"1 minute"},"schema":{"@context":"https:\/\/schema.org","@graph":[{"@type":"WebPage","@id":"https:\/\/annerozennpichoncuiec-psychologue.fr\/index.php\/psychologue-brest-2\/","url":"https:\/\/annerozennpichoncuiec-psychologue.fr\/index.php\/psychologue-brest-2\/","name":"Psychologue Brest - Anne-Rozenn PICHON-CUIEC","isPartOf":{"@id":"https:\/\/annerozennpichoncuiec-psychologue.fr\/#website"},"primaryImageOfPage":{"@id":"https:\/\/annerozennpichoncuiec-psychologue.fr\/index.php\/psychologue-brest-2\/#primaryimage"},"image":{"@id":"https:\/\/annerozennpichoncuiec-psychologue.fr\/index.php\/psychologue-brest-2\/#primaryimage"},"thumbnailUrl":"https:\/\/annerozennpichoncuiec-psychologue.fr\/wp-content\/uploads\/2024\/08\/IMG-20230802-WA0005.jpg","datePublished":"2020-03-26T09:32:22+00:00","dateModified":"2024-08-22T14:19:13+00:00","description":"Psychologue Brest - le relecq Kerhuon - enfant - adulte - adolescent - HPI - wisc - wais - test - pr\u00e9cocit\u00e9- \u00e9valuation - TLMR - Hypnose","breadcrumb":{"@id":"https:\/\/annerozennpichoncuiec-psychologue.fr\/index.php\/psychologue-brest-2\/#breadcrumb"},"inLanguage":"fr-FR","potentialAction":[{"@type":"ReadAction","target":["https:\/\/annerozennpichoncuiec-psychologue.fr\/index.php\/psychologue-brest-2\/"]}]},{"@type":"ImageObject","inLanguage":"fr-FR","@id":"https:\/\/annerozennpichoncuiec-psychologue.fr\/index.php\/psychologue-brest-2\/#primaryimage","url":"https:\/\/annerozennpichoncuiec-psychologue.fr\/wp-content\/uploads\/2024\/08\/IMG-20230802-WA0005.jpg","contentUrl":"https:\/\/annerozennpichoncuiec-psychologue.fr\/wp-content\/uploads\/2024\/08\/IMG-20230802-WA0005.jpg","width":1293,"height":2014},{"@type":"BreadcrumbList","@id":"https:\/\/annerozennpichoncuiec-psychologue.fr\/index.php\/psychologue-brest-2\/#breadcrumb","itemListElement":[{"@type":"ListItem","position":1,"name":"Accueil","item":"https:\/\/annerozennpichoncuiec-psychologue.fr\/"},{"@type":"ListItem","position":2,"name":"Qui suis-je?"}]},{"@type":"WebSite","@id":"https:\/\/annerozennpichoncuiec-psychologue.fr\/#website","url":"https:\/\/annerozennpichoncuiec-psychologue.fr\/","name":"Anne-Rozenn PICHON-CUIEC","description":"Psychologue BREST - LE RELECQ KERHUON","publisher":{"@id":"https:\/\/annerozennpichoncuiec-psychologue.fr\/#\/schema\/person\/5c16e7084f927a2830e3bf369dfc7181"},"potentialAction":[{"@type":"SearchAction","target":{"@type":"EntryPoint","urlTemplate":"https:\/\/annerozennpichoncuiec-psychologue.fr\/?s={search_term_string}"},"query-input":{"@type":"PropertyValueSpecification","valueRequired":true,"valueName":"search_term_string"}}],"inLanguage":"fr-FR"},{"@type":["Person","Organization"],"@id":"https:\/\/annerozennpichoncuiec-psychologue.fr\/#\/schema\/person\/5c16e7084f927a2830e3bf369dfc7181","name":"Anne-Rozenn Pichon-Cuiec","image":{"@type":"ImageObject","inLanguage":"fr-FR","@id":"https:\/\/annerozennpichoncuiec-psychologue.fr\/wp-content\/uploads\/2024\/08\/LOGO.png","url":"https:\/\/annerozennpichoncuiec-psychologue.fr\/wp-content\/uploads\/2024\/08\/LOGO.png","contentUrl":"https:\/\/annerozennpichoncuiec-psychologue.fr\/wp-content\/uploads\/2024\/08\/LOGO.png","width":214,"height":277,"caption":"Anne-Rozenn Pichon-Cuiec"},"logo":{"@id":"https:\/\/annerozennpichoncuiec-psychologue.fr\/wp-content\/uploads\/2024\/08\/LOGO.png"}}]}},"_links":{"self":[{"href":"https:\/\/annerozennpichoncuiec-psychologue.fr\/index.php\/wp-json\/wp\/v2\/pages\/54","targetHints":{"allow":["GET"]}}],"collection":[{"href":"https:\/\/annerozennpichoncuiec-psychologue.fr\/index.php\/wp-json\/wp\/v2\/pages"}],"about":[{"href":"https:\/\/annerozennpichoncuiec-psychologue.fr\/index.php\/wp-json\/wp\/v2\/types\/page"}],"author":[{"embeddable":true,"href":"https:\/\/annerozennpichoncuiec-psychologue.fr\/index.php\/wp-json\/wp\/v2\/users\/1"}],"replies":[{"embeddable":true,"href":"https:\/\/annerozennpichoncuiec-psychologue.fr\/index.php\/wp-json\/wp\/v2\/comments?post=54"}],"version-history":[{"count":3,"href":"https:\/\/annerozennpichoncuiec-psychologue.fr\/index.php\/wp-json\/wp\/v2\/pages\/54\/revisions"}],"predecessor-version":[{"id":160,"href":"https:\/\/annerozennpichoncuiec-psychologue.fr\/index.php\/wp-json\/wp\/v2\/pages\/54\/revisions\/160"}],"wp:featuredmedia":[{"embeddable":true,"href":"https:\/\/annerozennpichoncuiec-psychologue.fr\/index.php\/wp-json\/wp\/v2\/media\/159"}],"wp:attachment":[{"href":"https:\/\/annerozennpichoncuiec-psychologue.fr\/index.php\/wp-json\/wp\/v2\/media?parent=54"}],"curies":[{"name":"wp","href":"https:\/\/api.w.org\/{rel}","templated":true}]}}