{"id":18,"date":"2020-03-26T09:30:44","date_gmt":"2020-03-26T08:30:44","guid":{"rendered":"http:\/\/annerozennpichoncuiec-psycholoque.fr\/?page_id=15"},"modified":"2020-03-26T09:30:44","modified_gmt":"2020-03-26T08:30:44","slug":"blog","status":"publish","type":"page","link":"https:\/\/annerozennpichoncuiec-psychologue.fr\/index.php\/blog\/","title":{"rendered":"Articles"},"content":{"rendered":"","protected":false},"excerpt":{"rendered":"","protected":false},"author":1,"featured_media":0,"parent":0,"menu_order":0,"comment_status":"closed","ping_status":"closed","template":"","meta":{"footnotes":""},"class_list":["post-18","page","type-page","status-publish","hentry"],"yoast_head":"<!-- This site is optimized with the Yoast SEO plugin v27.4 - https:\/\/yoast.com\/product\/yoast-seo-wordpress\/ -->\n<title>Articles - Anne-Rozenn PICHON-CUIEC<\/title>\n<meta name=\"description\" content=\"Psychologue - brest - le relecq Kerhuon - enfant - adulte - adolescent - haut potentiel - wisc - wais - test - pr\u00e9cocit\u00e9- \u00e9valuation\" \/>\n<meta name=\"robots\" content=\"index, follow, max-snippet:-1, max-image-preview:large, max-video-preview:-1\" \/>\n<link rel=\"canonical\" href=\"https:\/\/annerozennpichoncuiec-psychologue.fr\/index.php\/blog\/\" \/>\n<meta property=\"og:locale\" content=\"fr_FR\" \/>\n<meta property=\"og:type\" content=\"article\" \/>\n<meta property=\"og:title\" content=\"Articles - Anne-Rozenn PICHON-CUIEC\" \/>\n<meta property=\"og:description\" content=\"Psychologue - brest - le relecq Kerhuon - enfant - adulte - adolescent - haut potentiel - wisc - wais - test - pr\u00e9cocit\u00e9- \u00e9valuation\" \/>\n<meta property=\"og:url\" content=\"https:\/\/annerozennpichoncuiec-psychologue.fr\/index.php\/blog\/\" \/>\n<meta property=\"og:site_name\" content=\"Anne-Rozenn PICHON-CUIEC\" \/>\n<meta name=\"twitter:card\" content=\"summary_large_image\" \/>\n<script type=\"application\/ld+json\" class=\"yoast-schema-graph\">{\"@context\":\"https:\\\/\\\/schema.org\",\"@graph\":[{\"@type\":\"WebPage\",\"@id\":\"https:\\\/\\\/annerozennpichoncuiec-psychologue.fr\\\/index.php\\\/blog\\\/\",\"url\":\"https:\\\/\\\/annerozennpichoncuiec-psychologue.fr\\\/index.php\\\/blog\\\/\",\"name\":\"Articles - Anne-Rozenn PICHON-CUIEC\",\"isPartOf\":{\"@id\":\"https:\\\/\\\/annerozennpichoncuiec-psychologue.fr\\\/#website\"},\"datePublished\":\"2020-03-26T08:30:44+00:00\",\"description\":\"Psychologue - brest - le relecq Kerhuon - enfant - adulte - adolescent - haut potentiel - wisc - wais - test - pr\u00e9cocit\u00e9- \u00e9valuation\",\"breadcrumb\":{\"@id\":\"https:\\\/\\\/annerozennpichoncuiec-psychologue.fr\\\/index.php\\\/blog\\\/#breadcrumb\"},\"inLanguage\":\"fr-FR\",\"potentialAction\":[{\"@type\":\"ReadAction\",\"target\":[\"https:\\\/\\\/annerozennpichoncuiec-psychologue.fr\\\/index.php\\\/blog\\\/\"]}]},{\"@type\":\"BreadcrumbList\",\"@id\":\"https:\\\/\\\/annerozennpichoncuiec-psychologue.fr\\\/index.php\\\/blog\\\/#breadcrumb\",\"itemListElement\":[{\"@type\":\"ListItem\",\"position\":1,\"name\":\"Accueil\",\"item\":\"https:\\\/\\\/annerozennpichoncuiec-psychologue.fr\\\/\"},{\"@type\":\"ListItem\",\"position\":2,\"name\":\"Articles\"}]},{\"@type\":\"WebSite\",\"@id\":\"https:\\\/\\\/annerozennpichoncuiec-psychologue.fr\\\/#website\",\"url\":\"https:\\\/\\\/annerozennpichoncuiec-psychologue.fr\\\/\",\"name\":\"Anne-Rozenn PICHON-CUIEC\",\"description\":\"Psychologue BREST - LE RELECQ KERHUON\",\"publisher\":{\"@id\":\"https:\\\/\\\/annerozennpichoncuiec-psychologue.fr\\\/#\\\/schema\\\/person\\\/5c16e7084f927a2830e3bf369dfc7181\"},\"potentialAction\":[{\"@type\":\"SearchAction\",\"target\":{\"@type\":\"EntryPoint\",\"urlTemplate\":\"https:\\\/\\\/annerozennpichoncuiec-psychologue.fr\\\/?s={search_term_string}\"},\"query-input\":{\"@type\":\"PropertyValueSpecification\",\"valueRequired\":true,\"valueName\":\"search_term_string\"}}],\"inLanguage\":\"fr-FR\"},{\"@type\":[\"Person\",\"Organization\"],\"@id\":\"https:\\\/\\\/annerozennpichoncuiec-psychologue.fr\\\/#\\\/schema\\\/person\\\/5c16e7084f927a2830e3bf369dfc7181\",\"name\":\"Anne-Rozenn Pichon-Cuiec\",\"image\":{\"@type\":\"ImageObject\",\"inLanguage\":\"fr-FR\",\"@id\":\"https:\\\/\\\/annerozennpichoncuiec-psychologue.fr\\\/wp-content\\\/uploads\\\/2024\\\/08\\\/LOGO.png\",\"url\":\"https:\\\/\\\/annerozennpichoncuiec-psychologue.fr\\\/wp-content\\\/uploads\\\/2024\\\/08\\\/LOGO.png\",\"contentUrl\":\"https:\\\/\\\/annerozennpichoncuiec-psychologue.fr\\\/wp-content\\\/uploads\\\/2024\\\/08\\\/LOGO.png\",\"width\":214,\"height\":277,\"caption\":\"Anne-Rozenn Pichon-Cuiec\"},\"logo\":{\"@id\":\"https:\\\/\\\/annerozennpichoncuiec-psychologue.fr\\\/wp-content\\\/uploads\\\/2024\\\/08\\\/LOGO.png\"}}]}<\/script>\n<!-- \/ Yoast SEO plugin. -->","yoast_head_json":{"title":"Articles - Anne-Rozenn PICHON-CUIEC","description":"Psychologue - brest - le relecq Kerhuon - enfant - adulte - adolescent - haut potentiel - wisc - wais - test - pr\u00e9cocit\u00e9- \u00e9valuation","robots":{"index":"index","follow":"follow","max-snippet":"max-snippet:-1","max-image-preview":"max-image-preview:large","max-video-preview":"max-video-preview:-1"},"canonical":"https:\/\/annerozennpichoncuiec-psychologue.fr\/index.php\/blog\/","og_locale":"fr_FR","og_type":"article","og_title":"Articles - Anne-Rozenn PICHON-CUIEC","og_description":"Psychologue - brest - le relecq Kerhuon - enfant - adulte - adolescent - haut potentiel - wisc - wais - test - pr\u00e9cocit\u00e9- \u00e9valuation","og_url":"https:\/\/annerozennpichoncuiec-psychologue.fr\/index.php\/blog\/","og_site_name":"Anne-Rozenn PICHON-CUIEC","twitter_card":"summary_large_image","schema":{"@context":"https:\/\/schema.org","@graph":[{"@type":"WebPage","@id":"https:\/\/annerozennpichoncuiec-psychologue.fr\/index.php\/blog\/","url":"https:\/\/annerozennpichoncuiec-psychologue.fr\/index.php\/blog\/","name":"Articles - Anne-Rozenn PICHON-CUIEC","isPartOf":{"@id":"https:\/\/annerozennpichoncuiec-psychologue.fr\/#website"},"datePublished":"2020-03-26T08:30:44+00:00","description":"Psychologue - brest - le relecq Kerhuon - enfant - adulte - adolescent - haut potentiel - wisc - wais - test - pr\u00e9cocit\u00e9- \u00e9valuation","breadcrumb":{"@id":"https:\/\/annerozennpichoncuiec-psychologue.fr\/index.php\/blog\/#breadcrumb"},"inLanguage":"fr-FR","potentialAction":[{"@type":"ReadAction","target":["https:\/\/annerozennpichoncuiec-psychologue.fr\/index.php\/blog\/"]}]},{"@type":"BreadcrumbList","@id":"https:\/\/annerozennpichoncuiec-psychologue.fr\/index.php\/blog\/#breadcrumb","itemListElement":[{"@type":"ListItem","position":1,"name":"Accueil","item":"https:\/\/annerozennpichoncuiec-psychologue.fr\/"},{"@type":"ListItem","position":2,"name":"Articles"}]},{"@type":"WebSite","@id":"https:\/\/annerozennpichoncuiec-psychologue.fr\/#website","url":"https:\/\/annerozennpichoncuiec-psychologue.fr\/","name":"Anne-Rozenn PICHON-CUIEC","description":"Psychologue BREST - LE RELECQ KERHUON","publisher":{"@id":"https:\/\/annerozennpichoncuiec-psychologue.fr\/#\/schema\/person\/5c16e7084f927a2830e3bf369dfc7181"},"potentialAction":[{"@type":"SearchAction","target":{"@type":"EntryPoint","urlTemplate":"https:\/\/annerozennpichoncuiec-psychologue.fr\/?s={search_term_string}"},"query-input":{"@type":"PropertyValueSpecification","valueRequired":true,"valueName":"search_term_string"}}],"inLanguage":"fr-FR"},{"@type":["Person","Organization"],"@id":"https:\/\/annerozennpichoncuiec-psychologue.fr\/#\/schema\/person\/5c16e7084f927a2830e3bf369dfc7181","name":"Anne-Rozenn Pichon-Cuiec","image":{"@type":"ImageObject","inLanguage":"fr-FR","@id":"https:\/\/annerozennpichoncuiec-psychologue.fr\/wp-content\/uploads\/2024\/08\/LOGO.png","url":"https:\/\/annerozennpichoncuiec-psychologue.fr\/wp-content\/uploads\/2024\/08\/LOGO.png","contentUrl":"https:\/\/annerozennpichoncuiec-psychologue.fr\/wp-content\/uploads\/2024\/08\/LOGO.png","width":214,"height":277,"caption":"Anne-Rozenn Pichon-Cuiec"},"logo":{"@id":"https:\/\/annerozennpichoncuiec-psychologue.fr\/wp-content\/uploads\/2024\/08\/LOGO.png"}}]}},"_links":{"self":[{"href":"https:\/\/annerozennpichoncuiec-psychologue.fr\/index.php\/wp-json\/wp\/v2\/pages\/18","targetHints":{"allow":["GET"]}}],"collection":[{"href":"https:\/\/annerozennpichoncuiec-psychologue.fr\/index.php\/wp-json\/wp\/v2\/pages"}],"about":[{"href":"https:\/\/annerozennpichoncuiec-psychologue.fr\/index.php\/wp-json\/wp\/v2\/types\/page"}],"author":[{"embeddable":true,"href":"https:\/\/annerozennpichoncuiec-psychologue.fr\/index.php\/wp-json\/wp\/v2\/users\/1"}],"replies":[{"embeddable":true,"href":"https:\/\/annerozennpichoncuiec-psychologue.fr\/index.php\/wp-json\/wp\/v2\/comments?post=18"}],"version-history":[{"count":0,"href":"https:\/\/annerozennpichoncuiec-psychologue.fr\/index.php\/wp-json\/wp\/v2\/pages\/18\/revisions"}],"wp:attachment":[{"href":"https:\/\/annerozennpichoncuiec-psychologue.fr\/index.php\/wp-json\/wp\/v2\/media?parent=18"}],"curies":[{"name":"wp","href":"https:\/\/api.w.org\/{rel}","templated":true}]}}