{"id":123,"date":"2024-08-15T16:17:07","date_gmt":"2024-08-15T14:17:07","guid":{"rendered":"https:\/\/annerozennpichoncuiec-psychologue.fr\/?page_id=123"},"modified":"2024-08-22T16:08:51","modified_gmt":"2024-08-22T14:08:51","slug":"psychologue-tlmr-brest","status":"publish","type":"page","link":"https:\/\/annerozennpichoncuiec-psychologue.fr\/index.php\/psychologue-tlmr-brest\/","title":{"rendered":"TLMR"},"content":{"rendered":"\n<p>Th\u00e9rapie du Lien et des Mondes Relationnels<\/p>\n\n\n\n<p>\u00ab&nbsp;La Th\u00e9rapie du Lien et des Mondes Relationnels (TLMR), anciennement appel\u00e9e HTSMA (Hypnose, Th\u00e9rapies Strat\u00e9giques et Mouvements Alternatifs), aborde la souffrance psychique sur un mode syst\u00e9mique et interactionnel. Elle postule que les capacit\u00e9s d\u2019auto-gu\u00e9rison et de r\u00e9silience sont inh\u00e9rentes \u00e0 l\u2019\u00eatre humain. Dans le v\u00e9cu traumatique, lorsque ces capacit\u00e9s sont bloqu\u00e9es, les effets des \u00e9v\u00e9\u00adnements pass\u00e9s continuent \u00e0 infiltrer le pr\u00e9sent et \u00e0 g\u00e9n\u00e9rer de la souffrance.<\/p>\n\n\n\n<p>En TLMR, le chemin emprunt\u00e9 est sp\u00e9cifique \u00e0 chaque th\u00e9rapie. L\u2019objectif com\u00admun est de permettre au patient d\u2019exp\u00e9rimenter, dans l\u2019ici et maintenant, l\u2019unit\u00e9 de son soi corporel, dans sa relation au monde, \u00e0 l\u2019autre dans la singularit\u00e9 de la rencontre et au monde de ses repr\u00e9sentations.<\/p>\n\n\n\n<p>Cette exp\u00e9rience d\u2019unit\u00e9 comme ressource fondatrice, ouvre la voie vers la prise d\u2019autonomie en relation. Elle permet au patient de redevenir acteur et auteur de sa vie. Cette th\u00e9rapie offre une mani\u00e8re originale de travailler. Elle propose des mod\u00e9lisations qui s\u2019adaptent \u00e0 la relation que le patient entretient avec sa probl\u00e9\u00admatique.&nbsp;\u00bb Eric Bardot Psychiatre fondateur de l\u2019institut Mimethys \u00e0 Nantes.<\/p>\n\n\n\n<ul class=\"wp-block-list\">\n<li><a href=\"https:\/\/www.google.com\/url?sa=t&amp;source=web&amp;rct=j&amp;opi=89978449&amp;url=https:\/\/www.youtube.com\/watch%3Fv%3DhrG7n-jeu9w&amp;ved=2ahUKEwiO17Cos8CHAxV5TKQEHdXyAhAQwqsBegQIFhAG&amp;usg=AOvVaw1-5NzUwed7VwcUK-oKRCkN\">Video YouTube<\/a><\/li>\n<\/ul>\n","protected":false},"excerpt":{"rendered":"<p>Th\u00e9rapie du Lien et des Mondes Relationnels \u00ab&nbsp;La Th\u00e9rapie du Lien et des Mondes Relationnels (TLMR), anciennement appel\u00e9e HTSMA (Hypnose, Th\u00e9rapies Strat\u00e9giques et Mouvements Alternatifs), aborde la souffrance psychique sur un mode syst\u00e9mique et interactionnel. Elle postule que les capacit\u00e9s d\u2019auto-gu\u00e9rison et de r\u00e9silience sont inh\u00e9rentes \u00e0 l\u2019\u00eatre humain. Dans le v\u00e9cu traumatique, lorsque ces [&hellip;]<\/p>\n","protected":false},"author":2,"featured_media":0,"parent":0,"menu_order":0,"comment_status":"closed","ping_status":"closed","template":"","meta":{"footnotes":""},"class_list":["post-123","page","type-page","status-publish","hentry"],"yoast_head":"<!-- This site is optimized with the Yoast SEO plugin v27.4 - https:\/\/yoast.com\/product\/yoast-seo-wordpress\/ -->\n<title>Psychologue TLMR - Anne-Rozenn PICHON-CUIEC Brest<\/title>\n<meta name=\"description\" content=\"Psychologue TLMR Brest - le relecq Kerhuon - enfant - adulte - adolescent - hypnose - lien- mondes relationnels - th\u00e9rapie\" \/>\n<meta name=\"robots\" content=\"index, follow, max-snippet:-1, max-image-preview:large, max-video-preview:-1\" \/>\n<link rel=\"canonical\" href=\"https:\/\/annerozennpichoncuiec-psychologue.fr\/index.php\/psychologue-tlmr-brest\/\" \/>\n<meta property=\"og:locale\" content=\"fr_FR\" \/>\n<meta property=\"og:type\" content=\"article\" \/>\n<meta property=\"og:title\" content=\"Psychologue TLMR - Anne-Rozenn PICHON-CUIEC Brest\" \/>\n<meta property=\"og:description\" content=\"Psychologue TLMR Brest - le relecq Kerhuon - enfant - adulte - adolescent - hypnose - lien- mondes relationnels - th\u00e9rapie\" \/>\n<meta property=\"og:url\" content=\"https:\/\/annerozennpichoncuiec-psychologue.fr\/index.php\/psychologue-tlmr-brest\/\" \/>\n<meta property=\"og:site_name\" content=\"Anne-Rozenn PICHON-CUIEC\" \/>\n<meta property=\"article:modified_time\" content=\"2024-08-22T14:08:51+00:00\" \/>\n<meta name=\"twitter:card\" content=\"summary_large_image\" \/>\n<meta name=\"twitter:label1\" content=\"Dur\u00e9e de lecture estim\u00e9e\" \/>\n\t<meta name=\"twitter:data1\" content=\"1 minute\" \/>\n<script type=\"application\/ld+json\" class=\"yoast-schema-graph\">{\"@context\":\"https:\\\/\\\/schema.org\",\"@graph\":[{\"@type\":\"WebPage\",\"@id\":\"https:\\\/\\\/annerozennpichoncuiec-psychologue.fr\\\/index.php\\\/psychologue-tlmr-brest\\\/\",\"url\":\"https:\\\/\\\/annerozennpichoncuiec-psychologue.fr\\\/index.php\\\/psychologue-tlmr-brest\\\/\",\"name\":\"Psychologue TLMR - Anne-Rozenn PICHON-CUIEC Brest\",\"isPartOf\":{\"@id\":\"https:\\\/\\\/annerozennpichoncuiec-psychologue.fr\\\/#website\"},\"datePublished\":\"2024-08-15T14:17:07+00:00\",\"dateModified\":\"2024-08-22T14:08:51+00:00\",\"description\":\"Psychologue TLMR Brest - le relecq Kerhuon - enfant - adulte - adolescent - hypnose - lien- mondes relationnels - th\u00e9rapie\",\"breadcrumb\":{\"@id\":\"https:\\\/\\\/annerozennpichoncuiec-psychologue.fr\\\/index.php\\\/psychologue-tlmr-brest\\\/#breadcrumb\"},\"inLanguage\":\"fr-FR\",\"potentialAction\":[{\"@type\":\"ReadAction\",\"target\":[\"https:\\\/\\\/annerozennpichoncuiec-psychologue.fr\\\/index.php\\\/psychologue-tlmr-brest\\\/\"]}]},{\"@type\":\"BreadcrumbList\",\"@id\":\"https:\\\/\\\/annerozennpichoncuiec-psychologue.fr\\\/index.php\\\/psychologue-tlmr-brest\\\/#breadcrumb\",\"itemListElement\":[{\"@type\":\"ListItem\",\"position\":1,\"name\":\"Accueil\",\"item\":\"https:\\\/\\\/annerozennpichoncuiec-psychologue.fr\\\/\"},{\"@type\":\"ListItem\",\"position\":2,\"name\":\"TLMR\"}]},{\"@type\":\"WebSite\",\"@id\":\"https:\\\/\\\/annerozennpichoncuiec-psychologue.fr\\\/#website\",\"url\":\"https:\\\/\\\/annerozennpichoncuiec-psychologue.fr\\\/\",\"name\":\"Anne-Rozenn PICHON-CUIEC\",\"description\":\"Psychologue BREST - LE RELECQ KERHUON\",\"publisher\":{\"@id\":\"https:\\\/\\\/annerozennpichoncuiec-psychologue.fr\\\/#\\\/schema\\\/person\\\/5c16e7084f927a2830e3bf369dfc7181\"},\"potentialAction\":[{\"@type\":\"SearchAction\",\"target\":{\"@type\":\"EntryPoint\",\"urlTemplate\":\"https:\\\/\\\/annerozennpichoncuiec-psychologue.fr\\\/?s={search_term_string}\"},\"query-input\":{\"@type\":\"PropertyValueSpecification\",\"valueRequired\":true,\"valueName\":\"search_term_string\"}}],\"inLanguage\":\"fr-FR\"},{\"@type\":[\"Person\",\"Organization\"],\"@id\":\"https:\\\/\\\/annerozennpichoncuiec-psychologue.fr\\\/#\\\/schema\\\/person\\\/5c16e7084f927a2830e3bf369dfc7181\",\"name\":\"Anne-Rozenn Pichon-Cuiec\",\"image\":{\"@type\":\"ImageObject\",\"inLanguage\":\"fr-FR\",\"@id\":\"https:\\\/\\\/annerozennpichoncuiec-psychologue.fr\\\/wp-content\\\/uploads\\\/2024\\\/08\\\/LOGO.png\",\"url\":\"https:\\\/\\\/annerozennpichoncuiec-psychologue.fr\\\/wp-content\\\/uploads\\\/2024\\\/08\\\/LOGO.png\",\"contentUrl\":\"https:\\\/\\\/annerozennpichoncuiec-psychologue.fr\\\/wp-content\\\/uploads\\\/2024\\\/08\\\/LOGO.png\",\"width\":214,\"height\":277,\"caption\":\"Anne-Rozenn Pichon-Cuiec\"},\"logo\":{\"@id\":\"https:\\\/\\\/annerozennpichoncuiec-psychologue.fr\\\/wp-content\\\/uploads\\\/2024\\\/08\\\/LOGO.png\"}}]}<\/script>\n<!-- \/ Yoast SEO plugin. -->","yoast_head_json":{"title":"Psychologue TLMR - Anne-Rozenn PICHON-CUIEC Brest","description":"Psychologue TLMR Brest - le relecq Kerhuon - enfant - adulte - adolescent - hypnose - lien- mondes relationnels - th\u00e9rapie","robots":{"index":"index","follow":"follow","max-snippet":"max-snippet:-1","max-image-preview":"max-image-preview:large","max-video-preview":"max-video-preview:-1"},"canonical":"https:\/\/annerozennpichoncuiec-psychologue.fr\/index.php\/psychologue-tlmr-brest\/","og_locale":"fr_FR","og_type":"article","og_title":"Psychologue TLMR - Anne-Rozenn PICHON-CUIEC Brest","og_description":"Psychologue TLMR Brest - le relecq Kerhuon - enfant - adulte - adolescent - hypnose - lien- mondes relationnels - th\u00e9rapie","og_url":"https:\/\/annerozennpichoncuiec-psychologue.fr\/index.php\/psychologue-tlmr-brest\/","og_site_name":"Anne-Rozenn PICHON-CUIEC","article_modified_time":"2024-08-22T14:08:51+00:00","twitter_card":"summary_large_image","twitter_misc":{"Dur\u00e9e de lecture estim\u00e9e":"1 minute"},"schema":{"@context":"https:\/\/schema.org","@graph":[{"@type":"WebPage","@id":"https:\/\/annerozennpichoncuiec-psychologue.fr\/index.php\/psychologue-tlmr-brest\/","url":"https:\/\/annerozennpichoncuiec-psychologue.fr\/index.php\/psychologue-tlmr-brest\/","name":"Psychologue TLMR - Anne-Rozenn PICHON-CUIEC Brest","isPartOf":{"@id":"https:\/\/annerozennpichoncuiec-psychologue.fr\/#website"},"datePublished":"2024-08-15T14:17:07+00:00","dateModified":"2024-08-22T14:08:51+00:00","description":"Psychologue TLMR Brest - le relecq Kerhuon - enfant - adulte - adolescent - hypnose - lien- mondes relationnels - th\u00e9rapie","breadcrumb":{"@id":"https:\/\/annerozennpichoncuiec-psychologue.fr\/index.php\/psychologue-tlmr-brest\/#breadcrumb"},"inLanguage":"fr-FR","potentialAction":[{"@type":"ReadAction","target":["https:\/\/annerozennpichoncuiec-psychologue.fr\/index.php\/psychologue-tlmr-brest\/"]}]},{"@type":"BreadcrumbList","@id":"https:\/\/annerozennpichoncuiec-psychologue.fr\/index.php\/psychologue-tlmr-brest\/#breadcrumb","itemListElement":[{"@type":"ListItem","position":1,"name":"Accueil","item":"https:\/\/annerozennpichoncuiec-psychologue.fr\/"},{"@type":"ListItem","position":2,"name":"TLMR"}]},{"@type":"WebSite","@id":"https:\/\/annerozennpichoncuiec-psychologue.fr\/#website","url":"https:\/\/annerozennpichoncuiec-psychologue.fr\/","name":"Anne-Rozenn PICHON-CUIEC","description":"Psychologue BREST - LE RELECQ KERHUON","publisher":{"@id":"https:\/\/annerozennpichoncuiec-psychologue.fr\/#\/schema\/person\/5c16e7084f927a2830e3bf369dfc7181"},"potentialAction":[{"@type":"SearchAction","target":{"@type":"EntryPoint","urlTemplate":"https:\/\/annerozennpichoncuiec-psychologue.fr\/?s={search_term_string}"},"query-input":{"@type":"PropertyValueSpecification","valueRequired":true,"valueName":"search_term_string"}}],"inLanguage":"fr-FR"},{"@type":["Person","Organization"],"@id":"https:\/\/annerozennpichoncuiec-psychologue.fr\/#\/schema\/person\/5c16e7084f927a2830e3bf369dfc7181","name":"Anne-Rozenn Pichon-Cuiec","image":{"@type":"ImageObject","inLanguage":"fr-FR","@id":"https:\/\/annerozennpichoncuiec-psychologue.fr\/wp-content\/uploads\/2024\/08\/LOGO.png","url":"https:\/\/annerozennpichoncuiec-psychologue.fr\/wp-content\/uploads\/2024\/08\/LOGO.png","contentUrl":"https:\/\/annerozennpichoncuiec-psychologue.fr\/wp-content\/uploads\/2024\/08\/LOGO.png","width":214,"height":277,"caption":"Anne-Rozenn Pichon-Cuiec"},"logo":{"@id":"https:\/\/annerozennpichoncuiec-psychologue.fr\/wp-content\/uploads\/2024\/08\/LOGO.png"}}]}},"_links":{"self":[{"href":"https:\/\/annerozennpichoncuiec-psychologue.fr\/index.php\/wp-json\/wp\/v2\/pages\/123","targetHints":{"allow":["GET"]}}],"collection":[{"href":"https:\/\/annerozennpichoncuiec-psychologue.fr\/index.php\/wp-json\/wp\/v2\/pages"}],"about":[{"href":"https:\/\/annerozennpichoncuiec-psychologue.fr\/index.php\/wp-json\/wp\/v2\/types\/page"}],"author":[{"embeddable":true,"href":"https:\/\/annerozennpichoncuiec-psychologue.fr\/index.php\/wp-json\/wp\/v2\/users\/2"}],"replies":[{"embeddable":true,"href":"https:\/\/annerozennpichoncuiec-psychologue.fr\/index.php\/wp-json\/wp\/v2\/comments?post=123"}],"version-history":[{"count":1,"href":"https:\/\/annerozennpichoncuiec-psychologue.fr\/index.php\/wp-json\/wp\/v2\/pages\/123\/revisions"}],"predecessor-version":[{"id":124,"href":"https:\/\/annerozennpichoncuiec-psychologue.fr\/index.php\/wp-json\/wp\/v2\/pages\/123\/revisions\/124"}],"wp:attachment":[{"href":"https:\/\/annerozennpichoncuiec-psychologue.fr\/index.php\/wp-json\/wp\/v2\/media?parent=123"}],"curies":[{"name":"wp","href":"https:\/\/api.w.org\/{rel}","templated":true}]}}